{"id":9909,"date":"2023-06-11T02:28:19","date_gmt":"2023-06-10T19:28:19","guid":{"rendered":"https:\/\/thanhphatnice.com.vn\/?page_id=9909"},"modified":"2023-12-09T03:29:25","modified_gmt":"2023-12-08T20:29:25","slug":"gioi-thieu","status":"publish","type":"page","link":"https:\/\/thanhphatnice.com.vn\/en\/gioi-thieu\/","title":{"rendered":"Gi\u1edbi Thi\u1ec7u"},"content":{"rendered":"<div data-elementor-type=\"wp-page\" data-elementor-id=\"9909\" class=\"elementor elementor-9909\" data-elementor-post-type=\"page\">\n\t\t\t\t\t\t<section class=\"elementor-section elementor-top-section elementor-element elementor-element-db388d1 elementor-section-boxed elementor-section-height-default elementor-section-height-default\" data-id=\"db388d1\" data-element_type=\"section\" data-settings=\"{&quot;jet_parallax_layout_list&quot;:[]}\">\n\t\t\t\t\t\t<div class=\"elementor-container elementor-column-gap-default\">\n\t\t\t\t\t<div class=\"elementor-column elementor-col-50 elementor-top-column elementor-element elementor-element-ecced2c\" data-id=\"ecced2c\" data-element_type=\"column\" data-settings=\"{&quot;background_background&quot;:&quot;classic&quot;}\">\n\t\t\t<div class=\"elementor-widget-wrap elementor-element-populated\">\n\t\t\t\t\t\t<div class=\"elementor-element elementor-element-483d98e animated-slow elementor-invisible elementor-widget elementor-widget-heading\" data-id=\"483d98e\" data-element_type=\"widget\" data-settings=\"{&quot;_animation&quot;:&quot;fadeInRight&quot;}\" data-widget_type=\"heading.default\">\n\t\t\t\t<div class=\"elementor-widget-container\">\n\t\t\t\t\t<h2 class=\"elementor-heading-title elementor-size-default\">L\u1edcI GI\u1edaI THI\u1ec6U<\/h2>\t\t\t\t<\/div>\n\t\t\t\t<\/div>\n\t\t\t\t<div class=\"elementor-element elementor-element-f799265 elementor-widget-divider--view-line elementor-widget elementor-widget-divider\" data-id=\"f799265\" data-element_type=\"widget\" data-widget_type=\"divider.default\">\n\t\t\t\t<div class=\"elementor-widget-container\">\n\t\t\t\t\t\t\t<div class=\"elementor-divider\">\n\t\t\t<span class=\"elementor-divider-separator\">\n\t\t\t\t\t\t<\/span>\n\t\t<\/div>\n\t\t\t\t\t\t<\/div>\n\t\t\t\t<\/div>\n\t\t\t\t<div class=\"elementor-element elementor-element-fffeaac elementor-widget elementor-widget-text-editor\" data-id=\"fffeaac\" data-element_type=\"widget\" data-widget_type=\"text-editor.default\">\n\t\t\t\t<div class=\"elementor-widget-container\">\n\t\t\t\t\t\t\t\t\t<p><span class=\"fontstyle0\">C\u00f4ng Ty TNHH TM &amp; VLXD Th\u00e0nh Ph\u00e1t \u0111\u01b0\u1ee3c th\u00e0nh l\u1eadp t\u1eeb n\u0103m 2.000, \u0111\u1ebfn nay ch\u00fang t\u00f4i lu\u00f4n t\u1ef1 h\u00e0o l\u00e0 m\u1ed9t trong nh\u1eefng C\u00f4ng Ty h\u00e0ng \u0111\u1ea7u trong l\u0129nh v\u1ef1c cung c\u1ea5p c\u00e1c d\u00f2ng s\u1ea3n ph\u1ea9m G\u1ea1ch \u1ed1p l\u00e1t tr\u00ean th\u1ecb tr\u01b0\u1eddng. V\u1edbi b\u1ec1 d\u00e0y kinh nghi\u1ec7m h\u01a1n 20 n\u0103m c\u00f9ng \u0111\u1ed9i ng\u0169 nh\u00e2n vi\u00ean n\u0103ng \u0111\u1ed9ng chuy\u00ean nghi\u1ec7p, ch\u00fang t\u00f4i \u0111\u00e3 t\u1ed5 ch\u1ee9c th\u00e0nh c\u00f4ng m\u1ea1ng l\u01b0\u1edbi ph\u00e2n ph\u1ed1i c\u00e1c d\u00f2ng s\u1ea3n ph\u1ea9m t\u1ea1i Th\u00e0nh Ph\u1ed1 H\u1ed3 Ch\u00ed Minh, c\u00e1c T\u1ec9nh mi\u1ec1n \u0110\u00f4ng, mi\u1ec1n T\u00e2y\u2026<\/span> <\/p>\t\t\t\t\t\t\t\t<\/div>\n\t\t\t\t<\/div>\n\t\t\t\t\t<\/div>\n\t\t<\/div>\n\t\t\t\t<div class=\"elementor-column elementor-col-50 elementor-top-column elementor-element elementor-element-104b155\" data-id=\"104b155\" data-element_type=\"column\" data-settings=\"{&quot;background_background&quot;:&quot;classic&quot;}\">\n\t\t\t<div class=\"elementor-widget-wrap elementor-element-populated\">\n\t\t\t\t\t\t<div class=\"elementor-element elementor-element-0eb6d10 elementor-invisible elementor-widget elementor-widget-image\" data-id=\"0eb6d10\" data-element_type=\"widget\" data-settings=\"{&quot;_animation&quot;:&quot;fadeInLeft&quot;}\" data-widget_type=\"image.default\">\n\t\t\t\t<div class=\"elementor-widget-container\">\n\t\t\t\t\t\t\t\t\t\t\t\t\t\t\t<img fetchpriority=\"high\" decoding=\"async\" width=\"715\" height=\"732\" src=\"https:\/\/thanhphatnice.com.vn\/wp-content\/uploads\/2023\/12\/FoxitPDFReader_VT6nnsWMh2.png\" class=\"attachment-large size-large wp-image-10318\" alt=\"\" srcset=\"https:\/\/thanhphatnice.com.vn\/wp-content\/uploads\/2023\/12\/FoxitPDFReader_VT6nnsWMh2.png 715w, https:\/\/thanhphatnice.com.vn\/wp-content\/uploads\/2023\/12\/FoxitPDFReader_VT6nnsWMh2-293x300.png 293w, https:\/\/thanhphatnice.com.vn\/wp-content\/uploads\/2023\/12\/FoxitPDFReader_VT6nnsWMh2-12x12.png 12w, https:\/\/thanhphatnice.com.vn\/wp-content\/uploads\/2023\/12\/FoxitPDFReader_VT6nnsWMh2-600x614.png 600w\" sizes=\"(max-width: 715px) 100vw, 715px\" \/>\t\t\t\t\t\t\t\t\t\t\t\t\t\t\t<\/div>\n\t\t\t\t<\/div>\n\t\t\t\t\t<\/div>\n\t\t<\/div>\n\t\t\t\t\t<\/div>\n\t\t<\/section>\n\t\t\t\t<section class=\"elementor-section elementor-top-section elementor-element elementor-element-27e9b68 elementor-section-boxed elementor-section-height-default elementor-section-height-default\" data-id=\"27e9b68\" data-element_type=\"section\" data-settings=\"{&quot;jet_parallax_layout_list&quot;:[]}\">\n\t\t\t\t\t\t<div class=\"elementor-container elementor-column-gap-default\">\n\t\t\t\t\t<div class=\"elementor-column elementor-col-100 elementor-top-column elementor-element elementor-element-0773f00\" data-id=\"0773f00\" data-element_type=\"column\">\n\t\t\t<div class=\"elementor-widget-wrap elementor-element-populated\">\n\t\t\t\t\t\t<div class=\"elementor-element elementor-element-0dd526a elementor-invisible elementor-widget elementor-widget-heading\" data-id=\"0dd526a\" data-element_type=\"widget\" data-settings=\"{&quot;_animation&quot;:&quot;zoomIn&quot;}\" data-widget_type=\"heading.default\">\n\t\t\t\t<div class=\"elementor-widget-container\">\n\t\t\t\t\t<h2 class=\"elementor-heading-title elementor-size-default\">T\u1ea6M NH\u00ccN - S\u01af M\u1ec6NH - GI\u00c1 TR\u1eca C\u1ed0T L\u00d5I<\/h2>\t\t\t\t<\/div>\n\t\t\t\t<\/div>\n\t\t\t\t<section class=\"elementor-section elementor-inner-section elementor-element elementor-element-56189ac elementor-section-boxed elementor-section-height-default elementor-section-height-default\" data-id=\"56189ac\" data-element_type=\"section\" data-settings=\"{&quot;jet_parallax_layout_list&quot;:[]}\">\n\t\t\t\t\t\t<div class=\"elementor-container elementor-column-gap-default\">\n\t\t\t\t\t<div class=\"elementor-column elementor-col-50 elementor-inner-column elementor-element elementor-element-36dc8ba\" data-id=\"36dc8ba\" data-element_type=\"column\">\n\t\t\t<div class=\"elementor-widget-wrap elementor-element-populated\">\n\t\t\t\t\t\t<div class=\"elementor-element elementor-element-dc8aa2b elementor-widget elementor-widget-image\" data-id=\"dc8aa2b\" data-element_type=\"widget\" data-widget_type=\"image.default\">\n\t\t\t\t<div class=\"elementor-widget-container\">\n\t\t\t\t\t\t\t\t\t\t\t\t\t\t\t<img decoding=\"async\" width=\"175\" height=\"173\" src=\"https:\/\/thanhphatnice.com.vn\/wp-content\/uploads\/2023\/12\/FoxitPDFReader_PkqFIU4fmi.png\" class=\"attachment-large size-large wp-image-10319\" alt=\"\" srcset=\"https:\/\/thanhphatnice.com.vn\/wp-content\/uploads\/2023\/12\/FoxitPDFReader_PkqFIU4fmi.png 175w, https:\/\/thanhphatnice.com.vn\/wp-content\/uploads\/2023\/12\/FoxitPDFReader_PkqFIU4fmi-12x12.png 12w\" sizes=\"(max-width: 175px) 100vw, 175px\" \/>\t\t\t\t\t\t\t\t\t\t\t\t\t\t\t<\/div>\n\t\t\t\t<\/div>\n\t\t\t\t\t<\/div>\n\t\t<\/div>\n\t\t\t\t<div class=\"elementor-column elementor-col-50 elementor-inner-column elementor-element elementor-element-2799a38\" data-id=\"2799a38\" data-element_type=\"column\">\n\t\t\t<div class=\"elementor-widget-wrap elementor-element-populated\">\n\t\t\t\t\t\t<div class=\"elementor-element elementor-element-9821212 elementor-widget elementor-widget-heading\" data-id=\"9821212\" data-element_type=\"widget\" data-widget_type=\"heading.default\">\n\t\t\t\t<div class=\"elementor-widget-container\">\n\t\t\t\t\t<h2 class=\"elementor-heading-title elementor-size-default\">T\u1ea6M NH\u00ccN<\/h2>\t\t\t\t<\/div>\n\t\t\t\t<\/div>\n\t\t\t\t<div class=\"elementor-element elementor-element-9180a51 elementor-widget elementor-widget-image\" data-id=\"9180a51\" data-element_type=\"widget\" data-widget_type=\"image.default\">\n\t\t\t\t<div class=\"elementor-widget-container\">\n\t\t\t\t\t\t\t\t\t\t\t\t\t\t\t<img decoding=\"async\" width=\"1024\" height=\"23\" src=\"https:\/\/thanhphatnice.com.vn\/wp-content\/uploads\/2023\/12\/FoxitPDFReader_EnASX6lGTD-1024x23.png\" class=\"attachment-large size-large wp-image-10320\" alt=\"\" srcset=\"https:\/\/thanhphatnice.com.vn\/wp-content\/uploads\/2023\/12\/FoxitPDFReader_EnASX6lGTD-1024x23.png 1024w, https:\/\/thanhphatnice.com.vn\/wp-content\/uploads\/2023\/12\/FoxitPDFReader_EnASX6lGTD-300x7.png 300w, https:\/\/thanhphatnice.com.vn\/wp-content\/uploads\/2023\/12\/FoxitPDFReader_EnASX6lGTD-768x17.png 768w, https:\/\/thanhphatnice.com.vn\/wp-content\/uploads\/2023\/12\/FoxitPDFReader_EnASX6lGTD-16x1.png 16w, https:\/\/thanhphatnice.com.vn\/wp-content\/uploads\/2023\/12\/FoxitPDFReader_EnASX6lGTD-1170x27.png 1170w, https:\/\/thanhphatnice.com.vn\/wp-content\/uploads\/2023\/12\/FoxitPDFReader_EnASX6lGTD-600x14.png 600w, https:\/\/thanhphatnice.com.vn\/wp-content\/uploads\/2023\/12\/FoxitPDFReader_EnASX6lGTD.png 1195w\" sizes=\"(max-width: 1024px) 100vw, 1024px\" \/>\t\t\t\t\t\t\t\t\t\t\t\t\t\t\t<\/div>\n\t\t\t\t<\/div>\n\t\t\t\t<div class=\"elementor-element elementor-element-00d958c elementor-widget elementor-widget-text-editor\" data-id=\"00d958c\" data-element_type=\"widget\" data-widget_type=\"text-editor.default\">\n\t\t\t\t<div class=\"elementor-widget-container\">\n\t\t\t\t\t\t\t\t\t<p><span class=\"fontstyle0\">T\u1ea7m nh\u00ecn chi\u1ebfn l\u01b0\u1ee3c v\u1ec1 t\u01b0\u01a1ng lai C\u00f4ng ty ch\u00fang t\u00f4i s\u1ebd ph\u1ea5n \u0111\u1ea5u tr\u1edf th\u00e0nh nh\u00e0 cung c\u1ea5p s\u1ed1 1 mi\u1ec1n Nam v\u1ec1 c\u00e1c d\u00f2ng s\u1ea3n ph\u1ea9m g\u1ea1ch \u1ed1p l\u00e1t. Lu\u00f4n t\u1ea1o s\u1ef1 tin c\u1eady v\u00e0 an t\u00e2m cho Qu\u00fd kh\u00e1ch h\u00e0ng, gi\u1eef v\u1eefng h\u01b0\u1edbng \u0111i v\u00e0 t\u1ea7m nh\u00ecn chi\u1ebfn l\u01b0\u1ee3c, g\u00f3p ph\u1ea7n n\u00e2ng cao ch\u1ea5t l\u01b0\u1ee3ng cu\u1ed9c s\u1ed1ng.<\/span> <\/p>\t\t\t\t\t\t\t\t<\/div>\n\t\t\t\t<\/div>\n\t\t\t\t\t<\/div>\n\t\t<\/div>\n\t\t\t\t\t<\/div>\n\t\t<\/section>\n\t\t\t\t<section class=\"elementor-section elementor-inner-section elementor-element elementor-element-63a3457 elementor-section-boxed elementor-section-height-default elementor-section-height-default\" data-id=\"63a3457\" data-element_type=\"section\" data-settings=\"{&quot;jet_parallax_layout_list&quot;:[]}\">\n\t\t\t\t\t\t<div class=\"elementor-container elementor-column-gap-default\">\n\t\t\t\t\t<div class=\"elementor-column elementor-col-50 elementor-inner-column elementor-element elementor-element-84909b3\" data-id=\"84909b3\" data-element_type=\"column\">\n\t\t\t<div class=\"elementor-widget-wrap elementor-element-populated\">\n\t\t\t\t\t\t<div class=\"elementor-element elementor-element-aa81889 elementor-widget elementor-widget-image\" data-id=\"aa81889\" data-element_type=\"widget\" data-widget_type=\"image.default\">\n\t\t\t\t<div class=\"elementor-widget-container\">\n\t\t\t\t\t\t\t\t\t\t\t\t\t\t\t<img loading=\"lazy\" decoding=\"async\" width=\"171\" height=\"162\" src=\"https:\/\/thanhphatnice.com.vn\/wp-content\/uploads\/2023\/12\/FoxitPDFReader_w4GymNXNHH.png\" class=\"attachment-large size-large wp-image-10322\" alt=\"\" srcset=\"https:\/\/thanhphatnice.com.vn\/wp-content\/uploads\/2023\/12\/FoxitPDFReader_w4GymNXNHH.png 171w, https:\/\/thanhphatnice.com.vn\/wp-content\/uploads\/2023\/12\/FoxitPDFReader_w4GymNXNHH-13x12.png 13w\" sizes=\"(max-width: 171px) 100vw, 171px\" \/>\t\t\t\t\t\t\t\t\t\t\t\t\t\t\t<\/div>\n\t\t\t\t<\/div>\n\t\t\t\t\t<\/div>\n\t\t<\/div>\n\t\t\t\t<div class=\"elementor-column elementor-col-50 elementor-inner-column elementor-element elementor-element-da8e01e\" data-id=\"da8e01e\" data-element_type=\"column\">\n\t\t\t<div class=\"elementor-widget-wrap elementor-element-populated\">\n\t\t\t\t\t\t<div class=\"elementor-element elementor-element-a91781b elementor-widget elementor-widget-heading\" data-id=\"a91781b\" data-element_type=\"widget\" data-widget_type=\"heading.default\">\n\t\t\t\t<div class=\"elementor-widget-container\">\n\t\t\t\t\t<h2 class=\"elementor-heading-title elementor-size-default\">S\u1ee8 M\u1ec6NH<\/h2>\t\t\t\t<\/div>\n\t\t\t\t<\/div>\n\t\t\t\t<div class=\"elementor-element elementor-element-ca15537 elementor-widget elementor-widget-image\" data-id=\"ca15537\" data-element_type=\"widget\" data-widget_type=\"image.default\">\n\t\t\t\t<div class=\"elementor-widget-container\">\n\t\t\t\t\t\t\t\t\t\t\t\t\t\t\t<img decoding=\"async\" width=\"1024\" height=\"23\" src=\"https:\/\/thanhphatnice.com.vn\/wp-content\/uploads\/2023\/12\/FoxitPDFReader_EnASX6lGTD-1024x23.png\" class=\"attachment-large size-large wp-image-10320\" alt=\"\" srcset=\"https:\/\/thanhphatnice.com.vn\/wp-content\/uploads\/2023\/12\/FoxitPDFReader_EnASX6lGTD-1024x23.png 1024w, https:\/\/thanhphatnice.com.vn\/wp-content\/uploads\/2023\/12\/FoxitPDFReader_EnASX6lGTD-300x7.png 300w, https:\/\/thanhphatnice.com.vn\/wp-content\/uploads\/2023\/12\/FoxitPDFReader_EnASX6lGTD-768x17.png 768w, https:\/\/thanhphatnice.com.vn\/wp-content\/uploads\/2023\/12\/FoxitPDFReader_EnASX6lGTD-16x1.png 16w, https:\/\/thanhphatnice.com.vn\/wp-content\/uploads\/2023\/12\/FoxitPDFReader_EnASX6lGTD-1170x27.png 1170w, https:\/\/thanhphatnice.com.vn\/wp-content\/uploads\/2023\/12\/FoxitPDFReader_EnASX6lGTD-600x14.png 600w, https:\/\/thanhphatnice.com.vn\/wp-content\/uploads\/2023\/12\/FoxitPDFReader_EnASX6lGTD.png 1195w\" sizes=\"(max-width: 1024px) 100vw, 1024px\" \/>\t\t\t\t\t\t\t\t\t\t\t\t\t\t\t<\/div>\n\t\t\t\t<\/div>\n\t\t\t\t<div class=\"elementor-element elementor-element-a9390f9 elementor-widget elementor-widget-text-editor\" data-id=\"a9390f9\" data-element_type=\"widget\" data-widget_type=\"text-editor.default\">\n\t\t\t\t<div class=\"elementor-widget-container\">\n\t\t\t\t\t\t\t\t\t<p><span class=\"fontstyle0\">C\u00e1c s\u1ea3n ph\u1ea9m mang th\u01b0\u01a1ng hi\u1ec7u White Pony, Nices.<br \/><\/span><strong><span class=\"fontstyle2\">MANG L\u1ea0I V\u1eba \u0110\u1eb8P HO\u00c0N M\u1ef8 CHO NG\u00d4I NH\u00c0 B\u1ea0N<\/span><\/strong> <br \/><br \/><\/p>\t\t\t\t\t\t\t\t<\/div>\n\t\t\t\t<\/div>\n\t\t\t\t\t<\/div>\n\t\t<\/div>\n\t\t\t\t\t<\/div>\n\t\t<\/section>\n\t\t\t\t<section class=\"elementor-section elementor-inner-section elementor-element elementor-element-4425cb5 elementor-section-boxed elementor-section-height-default elementor-section-height-default\" data-id=\"4425cb5\" data-element_type=\"section\" data-settings=\"{&quot;jet_parallax_layout_list&quot;:[]}\">\n\t\t\t\t\t\t<div class=\"elementor-container elementor-column-gap-default\">\n\t\t\t\t\t<div class=\"elementor-column elementor-col-50 elementor-inner-column elementor-element elementor-element-a2f3134\" data-id=\"a2f3134\" data-element_type=\"column\">\n\t\t\t<div class=\"elementor-widget-wrap elementor-element-populated\">\n\t\t\t\t\t\t<div class=\"elementor-element elementor-element-ddeef67 elementor-widget elementor-widget-image\" data-id=\"ddeef67\" data-element_type=\"widget\" data-widget_type=\"image.default\">\n\t\t\t\t<div class=\"elementor-widget-container\">\n\t\t\t\t\t\t\t\t\t\t\t\t\t\t\t<img loading=\"lazy\" decoding=\"async\" width=\"178\" height=\"175\" src=\"https:\/\/thanhphatnice.com.vn\/wp-content\/uploads\/2023\/12\/FoxitPDFReader_lWDYmiGJSS.png\" class=\"attachment-large size-large wp-image-10321\" alt=\"\" srcset=\"https:\/\/thanhphatnice.com.vn\/wp-content\/uploads\/2023\/12\/FoxitPDFReader_lWDYmiGJSS.png 178w, https:\/\/thanhphatnice.com.vn\/wp-content\/uploads\/2023\/12\/FoxitPDFReader_lWDYmiGJSS-12x12.png 12w\" sizes=\"(max-width: 178px) 100vw, 178px\" \/>\t\t\t\t\t\t\t\t\t\t\t\t\t\t\t<\/div>\n\t\t\t\t<\/div>\n\t\t\t\t\t<\/div>\n\t\t<\/div>\n\t\t\t\t<div class=\"elementor-column elementor-col-50 elementor-inner-column elementor-element elementor-element-a8373fa\" data-id=\"a8373fa\" data-element_type=\"column\">\n\t\t\t<div class=\"elementor-widget-wrap elementor-element-populated\">\n\t\t\t\t\t\t<div class=\"elementor-element elementor-element-dc55ab5 elementor-widget elementor-widget-heading\" data-id=\"dc55ab5\" data-element_type=\"widget\" data-widget_type=\"heading.default\">\n\t\t\t\t<div class=\"elementor-widget-container\">\n\t\t\t\t\t<h2 class=\"elementor-heading-title elementor-size-default\">GI\u00c1 TR\u1eca C\u1ed0T L\u00d5I<\/h2>\t\t\t\t<\/div>\n\t\t\t\t<\/div>\n\t\t\t\t<div class=\"elementor-element elementor-element-6cfcd83 elementor-widget elementor-widget-image\" data-id=\"6cfcd83\" data-element_type=\"widget\" data-widget_type=\"image.default\">\n\t\t\t\t<div class=\"elementor-widget-container\">\n\t\t\t\t\t\t\t\t\t\t\t\t\t\t\t<img decoding=\"async\" width=\"1024\" height=\"23\" src=\"https:\/\/thanhphatnice.com.vn\/wp-content\/uploads\/2023\/12\/FoxitPDFReader_EnASX6lGTD-1024x23.png\" class=\"attachment-large size-large wp-image-10320\" alt=\"\" srcset=\"https:\/\/thanhphatnice.com.vn\/wp-content\/uploads\/2023\/12\/FoxitPDFReader_EnASX6lGTD-1024x23.png 1024w, https:\/\/thanhphatnice.com.vn\/wp-content\/uploads\/2023\/12\/FoxitPDFReader_EnASX6lGTD-300x7.png 300w, https:\/\/thanhphatnice.com.vn\/wp-content\/uploads\/2023\/12\/FoxitPDFReader_EnASX6lGTD-768x17.png 768w, https:\/\/thanhphatnice.com.vn\/wp-content\/uploads\/2023\/12\/FoxitPDFReader_EnASX6lGTD-16x1.png 16w, https:\/\/thanhphatnice.com.vn\/wp-content\/uploads\/2023\/12\/FoxitPDFReader_EnASX6lGTD-1170x27.png 1170w, https:\/\/thanhphatnice.com.vn\/wp-content\/uploads\/2023\/12\/FoxitPDFReader_EnASX6lGTD-600x14.png 600w, https:\/\/thanhphatnice.com.vn\/wp-content\/uploads\/2023\/12\/FoxitPDFReader_EnASX6lGTD.png 1195w\" sizes=\"(max-width: 1024px) 100vw, 1024px\" \/>\t\t\t\t\t\t\t\t\t\t\t\t\t\t\t<\/div>\n\t\t\t\t<\/div>\n\t\t\t\t<div class=\"elementor-element elementor-element-575f15c elementor-widget elementor-widget-text-editor\" data-id=\"575f15c\" data-element_type=\"widget\" data-widget_type=\"text-editor.default\">\n\t\t\t\t<div class=\"elementor-widget-container\">\n\t\t\t\t\t\t\t\t\t<p><span class=\"fontstyle0\">Nhi\u1ec1u n\u0103m qua, ch\u00fang t\u00f4i lu\u00f4n t\u1eadn t\u00e2m theo \u0111u\u1ed5i m\u1ee5c ti\u00eau ch\u1ea5t l\u01b0\u1ee3ng. C\u00e1c d\u00f2ng s\u1ea3n ph\u1ea9m g\u1ea1ch \u1ed1p l\u00e1t \u0111\u01b0\u1ee3c l\u1ef1a ch\u1ecdn ph\u1ea3i \u0111\u01b0\u1ee3c \u1ee9ng d\u1ee5ng c\u00f4ng ngh\u1ec7 ti\u00ean ti\u1ebfn v\u00e0 \u0111\u01b0\u1ee3c thi\u1ebft k\u1ebf theo xu h\u01b0\u1edbng m\u1edbi nh\u1ea5t.<\/span><\/p><p>\u00a0<\/p><p><span class=\"fontstyle0\">C\u00e1c s\u1ea3n ph\u1ea9m mang th\u01b0\u01a1ng hi\u1ec7u Nices, White Pony v\u1edbi m\u1eabu m\u00e3 \u0111\u1eb9p, ph\u00f9 h\u1ee3p th\u1ecb hi\u1ebfu \u0111\u00e1p \u1ee9ng m\u1ecdi nhu c\u1ea7u \u0111\u00e3 c\u00f3 m\u1eb7t kh\u1eafp m\u1ecdi mi\u1ec1n \u0111\u1ea5t n\u01b0\u1edbc. Ngo\u00e0i ra C\u00f4ng ty ch\u00fang t\u00f4i c\u00f2n cung c\u1ea5p th\u00eam c\u00e1c d\u00f2ng s\u1ea3n ph\u1ea9m cao c\u1ea5p mang th\u01b0\u01a1ng hi\u1ec7u qu\u1ed1c gia nh\u01b0: Viglacera, Prime\u2026 l\u00e0m phong ph\u00fa \u0111a d\u1ea1ng cho s\u1ef1 l\u1ef1a ch\u1ecdn, \u0111\u00e1p \u1ee9ng m\u1ecdi c\u00f4ng tr\u00ecnh cho Qu\u00fd kh\u00e1ch h\u00e0ng.<\/span><\/p><p>\u00a0<\/p><p><span class=\"fontstyle0\">Ch\u00fang t\u00f4i c\u00f3 h\u1ec7 th\u1ed1ng chi nh\u00e1nh tr\u1ea3i kh\u1eafp c\u00e1c qu\u1eadn n\u1ed9i ngo\u1ea1i th\u00e0nh t\u1ea1i TP.HCM \u0111\u1ec3 ph\u1ee5c v\u1ee5 c\u00f4ng t\u00e1c giao nh\u1eadn v\u1edbi h\u1ec7 th\u1ed1ng kho b\u00e3i tr\u00ean 10.000 m2 , \u0111\u1ed9i xe ph\u1ee5c v\u1ee5 c\u00f4ng t\u00e1c giao nh\u1eadn tr\u00ean 20 chi\u1ebfc c\u00f9ng \u0111\u1ed9i ng\u0169 nh\u00e2n vi\u00ean t\u1eadn t\u00e2m, nhi\u1ec7t t\u00ecnh \u0111\u1ea3m b\u1ea3o \u0111\u00e1p \u1ee9ng nhanh ch\u00f3ng m\u1ecdi nhu c\u1ea7u c\u1ee7a qu\u00fd kh\u00e1ch h\u00e0ng.<\/span> <br \/><br \/><\/p>\t\t\t\t\t\t\t\t<\/div>\n\t\t\t\t<\/div>\n\t\t\t\t\t<\/div>\n\t\t<\/div>\n\t\t\t\t\t<\/div>\n\t\t<\/section>\n\t\t\t\t\t<\/div>\n\t\t<\/div>\n\t\t\t\t\t<\/div>\n\t\t<\/section>\n\t\t\t\t<\/div>","protected":false},"excerpt":{"rendered":"<p>L\u1edcI GI\u1edaI THI\u1ec6U C\u00f4ng Ty TNHH TM &amp; VLXD Th\u00e0nh Ph\u00e1t \u0111\u01b0\u1ee3c th\u00e0nh l\u1eadp t\u1eeb n\u0103m 2.000, \u0111\u1ebfn nay ch\u00fang t\u00f4i lu\u00f4n t\u1ef1 h\u00e0o l\u00e0 m\u1ed9t trong nh\u1eefng C\u00f4ng Ty h\u00e0ng \u0111\u1ea7u trong l\u0129nh v\u1ef1c cung c\u1ea5p c\u00e1c d\u00f2ng s\u1ea3n ph\u1ea9m G\u1ea1ch \u1ed1p l\u00e1t tr\u00ean th\u1ecb tr\u01b0\u1eddng. V\u1edbi b\u1ec1 d\u00e0y kinh nghi\u1ec7m h\u01a1n 20 n\u0103m [&hellip;]<\/p>","protected":false},"author":2,"featured_media":0,"parent":0,"menu_order":2,"comment_status":"closed","ping_status":"closed","template":"elementor_header_footer","meta":{"footnotes":""},"class_list":["post-9909","page","type-page","status-publish","hentry"],"_links":{"self":[{"href":"https:\/\/thanhphatnice.com.vn\/en\/wp-json\/wp\/v2\/pages\/9909","targetHints":{"allow":["GET"]}}],"collection":[{"href":"https:\/\/thanhphatnice.com.vn\/en\/wp-json\/wp\/v2\/pages"}],"about":[{"href":"https:\/\/thanhphatnice.com.vn\/en\/wp-json\/wp\/v2\/types\/page"}],"author":[{"embeddable":true,"href":"https:\/\/thanhphatnice.com.vn\/en\/wp-json\/wp\/v2\/users\/2"}],"replies":[{"embeddable":true,"href":"https:\/\/thanhphatnice.com.vn\/en\/wp-json\/wp\/v2\/comments?post=9909"}],"version-history":[{"count":24,"href":"https:\/\/thanhphatnice.com.vn\/en\/wp-json\/wp\/v2\/pages\/9909\/revisions"}],"predecessor-version":[{"id":10332,"href":"https:\/\/thanhphatnice.com.vn\/en\/wp-json\/wp\/v2\/pages\/9909\/revisions\/10332"}],"wp:attachment":[{"href":"https:\/\/thanhphatnice.com.vn\/en\/wp-json\/wp\/v2\/media?parent=9909"}],"curies":[{"name":"wp","href":"https:\/\/api.w.org\/{rel}","templated":true}]}}